{"id":2161,"date":"2019-03-18T13:00:20","date_gmt":"2019-03-18T13:00:20","guid":{"rendered":"https:\/\/dor.qodeinteractive.com\/?page_id=2161"},"modified":"2025-11-26T18:09:53","modified_gmt":"2025-11-26T18:09:53","slug":"renders-y-animaciones-3d","status":"publish","type":"page","link":"https:\/\/wedo-studio.com\/esp\/renders-y-animaciones-3d\/","title":{"rendered":"Renders y Animaciones 3D"},"content":{"rendered":"<div class=\"wpb-content-wrapper\"><p>[vc_row][vc_column][rev_slider_vc alias=\u00bbthumbnail-slider\u00bb enable_paspartu=\u00bbno\u00bb][vc_raw_html css=\u00bb\u00bb]JTBEJTBBJTNDYSUyMGhyZWYlM0QlMjJodHRwcyUzQSUyRiUyRndlZG8tc3R1ZGlvLmNvbSUyRmVzcCUyRmNvbnRhY3RvJTIyJTIwY2xhc3MlM0QlMjJyYnQtYnRuJTIyJTIwaWQlM0QlMjJyYnQtYnRuJTIyJTNFJTBEJTBBJTIwJTIwJTNDc3BhbiUyMGNsYXNzJTNEJTIycmJ0LWJ0bi1pY29uJTIyJTNFJUUyJTlDJTg5JUVGJUI4JThGJTNDJTJGc3BhbiUzRSUwRCUwQSUyMCUyMCUzQ3NwYW4lMjBjbGFzcyUzRCUyMnJidC1idG4tdGV4dCUyMiUzRVNvbGljaXRhJTIwdHUlMjBwcm9wdWVzdGElM0MlMkZzcGFuJTNFJTBEJTBBJTNDJTJGYSUzRSUwRCUwQSUzQ3N0eWxlJTNFJTBEJTBBJTJGJTJBJTIwRXN0aWxvcyUyMGdlbiVDMyVBOXJpY29zJTIwcGFyYSUyMGVsJTIwYm90JUMzJUIzbiUyMGZsb3RhbnRlJTIwJTJBJTJGJTBEJTBBLnJidC1idG4lMjAlN0IlMEQlMEElMjAlMjBwb3NpdGlvbiUzQSUyMGZpeGVkJTNCJTBEJTBBJTIwJTIwYm90dG9tJTNBJTIwMThyZW0lM0IlMEQlMEElMjAlMjByaWdodCUzQSUyMDJyZW0lM0IlMEQlMEElMjAlMjB6LWluZGV4JTNBJTIwOTk5OSUzQiUwRCUwQSUwRCUwQSUyMCUyMGRpc3BsYXklM0ElMjBmbGV4JTNCJTBEJTBBJTIwJTIwYWxpZ24taXRlbXMlM0ElMjBjZW50ZXIlM0IlMEQlMEElMjAlMjBqdXN0aWZ5LWNvbnRlbnQlM0ElMjBjZW50ZXIlM0IlMEQlMEElMEQlMEElMjAlMjBiYWNrZ3JvdW5kLWNvbG9yJTNBJTIwJTIzZmY1YTVmJTNCJTIwJTJGJTJBJTIwY29sb3IlMjBkZSUyMGZvbmRvJTIwJTJBJTJGJTBEJTBBJTIwJTIwY29sb3IlM0ElMjB3aGl0ZSUzQiUyMCUyMCUyMCUyMCUyMCUyMCUyMCUyMCUyMCUyMCUyMCUyMCUyMCUyMCUyRiUyQSUyMGNvbG9yJTIwZGVsJTIwdGV4dG8lMjAlMkElMkYlMEQlMEElMjAlMjB0ZXh0LWRlY29yYXRpb24lM0ElMjBub25lJTNCJTBEJTBBJTIwJTIwcGFkZGluZyUzQSUyMDAuNzVyZW0lMjAxLjI1cmVtJTNCJTBEJTBBJTIwJTIwYm9yZGVyLXJhZGl1cyUzQSUyMDUwcHglM0IlMjAlMjAlMjAlMjAlMjAlMjAlMjAlMkYlMkElMjBmb3JtYSUyMHJlZG9uZGVhZGElMjAlMkElMkYlMEQlMEElMjAlMjBib3gtc2hhZG93JTNBJTIwMCUyMDRweCUyMDEwcHglMjByZ2JhJTI4MCUyQzAlMkMwJTJDMC4yJTI5JTNCJTBEJTBBJTIwJTIwdHJhbnNpdGlvbiUzQSUyMHRyYW5zZm9ybSUyMDAuMnMlMjBlYXNlJTJDJTIwb3BhY2l0eSUyMDAuMnMlMjBlYXNlJTNCJTBEJTBBJTdEJTBEJTBBJTBEJTBBJTJGJTJBJTIwSWNvbm8lMjBkZW50cm8lMjBkZWwlMjBib3QlQzMlQjNuJTIwJTJBJTJGJTBEJTBBLnJidC1idG4lMjAucmJ0LWJ0bi1pY29uJTIwJTdCJTBEJTBBJTIwJTIwbWFyZ2luLXJpZ2h0JTNBJTIwMC41cmVtJTNCJTBEJTBBJTIwJTIwZm9udC1zaXplJTNBJTIwMS4yNXJlbSUzQiUwRCUwQSU3RCUwRCUwQSUwRCUwQSUyRiUyQSUyMEVmZWN0byUyMGhvdmVyJTIwJTJBJTJGJTBEJTBBLnJidC1idG4lM0Fob3ZlciUyMCU3QiUwRCUwQSUyMCUyMHRyYW5zZm9ybSUzQSUyMHRyYW5zbGF0ZVklMjgtM3B4JTI5JTNCJTBEJTBBJTIwJTIwb3BhY2l0eSUzQSUyMDAuOSUzQiUwRCUwQSU3RCUwRCUwQSUwRCUwQSUyRiUyQSUyMEVuJTIwcGFudGFsbGFzJTIwcGVxdWUlQzMlQjFhcyUyQyUyMGFqdXN0YXIlMjB0YW1hJUMzJUIxbyUyMHklMjBwb3NpY2klQzMlQjNuJTIwJTJBJTJGJTBEJTBBJTQwbWVkaWElMjAlMjhtYXgtd2lkdGglM0ElMjA2MDBweCUyOSUyMCU3QiUwRCUwQSUyMCUyMC5yYnQtYnRuJTIwJTdCJTBEJTBBJTIwJTIwJTIwJTIwYm90dG9tJTNBJTIwNHJlbSUzQiUwRCUwQSUyMCUyMCUyMCUyMHJpZ2h0JTNBJTIwMXJlbSUzQiUwRCUwQSUyMCUyMCUyMCUyMHBhZGRpbmclM0ElMjAwLjZyZW0lMjAxcmVtJTNCJTBEJTBBJTIwJTIwJTIwJTIwYm9yZGVyLXJhZGl1cyUzQSUyMDQwcHglM0IlMEQlMEElMjAlMjAlN0QlMEQlMEElMjAlMjAucmJ0LWJ0biUyMC5yYnQtYnRuLWljb24lMjAlN0IlMEQlMEElMjAlMjAlMjAlMjBtYXJnaW4tcmlnaHQlM0ElMjAwLjRyZW0lM0IlMEQlMEElMjAlMjAlMjAlMjBmb250LXNpemUlM0ElMjAxLjFyZW0lM0IlMEQlMEElMjAlMjAlN0QlMEQlMEElN0QlMEQlMEElMEQlMEElMkYlMkElMjBPcGNpJUMzJUIzbiUzQSUyMG9jdWx0YXIlMjBlbCUyMHRleHRvJTIweSUyMG1vc3RyYXIlMjBzb2xvJTIwZWwlMjAlQzMlQURjb25vJTIwZW4lMjBtJUMzJUIzdmlsZXMlMjAlMkElMkYlMEQlMEElNDBtZWRpYSUyMCUyOG1heC13aWR0aCUzQSUyMDQwMHB4JTI5JTIwJTdCJTBEJTBBJTIwJTIwLnJidC1idG4lMjAucmJ0LWJ0bi10ZXh0JTIwJTdCJTBEJTBBJTIwJTIwJTIwJTIwZGlzcGxheSUzQSUyMG5vbmUlM0IlMEQlMEElMjAlMjAlN0QlMEQlMEElMjAlMjAucmJ0LWJ0biUyMCU3QiUwRCUwQSUyMCUyMCUyMCUyMHBhZGRpbmclM0ElMjAwLjc1cmVtJTNCJTBEJTBBJTIwJTIwJTIwJTIwYm9yZGVyLXJhZGl1cyUzQSUyMDUwJTI1JTNCJTBEJTBBJTIwJTIwJTdEJTBEJTBBJTdEJTBEJTBBJTNDJTJGc3R5bGUlM0U=[\/vc_raw_html][\/vc_column][\/vc_row]<\/p>\n<\/div>","protected":false},"excerpt":{"rendered":"<p>[vc_row][vc_column][rev_slider_vc alias=\u00bbthumbnail-slider\u00bb enable_paspartu=\u00bbno\u00bb][vc_raw_html css=\u00bb\u00bb]JTBEJTBBJTNDYSUyMGhyZWYlM0QlMjJodHRwcyUzQSUyRiUyRndlZG8tc3R1ZGlvLmNvbSUyRmVzcCUyRmNvbnRhY3RvJTIyJTIwY2xhc3MlM0QlMjJyYnQtYnRuJTIyJTIwaWQlM0QlMjJyYnQtYnRuJTIyJTNFJTBEJTBBJTIwJTIwJTNDc3BhbiUyMGNsYXNzJTNEJTIycmJ0LWJ0bi1pY29uJTIyJTNFJUUyJTlDJTg5JUVGJUI4JThGJTNDJTJGc3BhbiUzRSUwRCUwQSUyMCUyMCUzQ3NwYW4lMjBjbGFzcyUzRCUyMnJidC1idG4tdGV4dCUyMiUzRVNvbGljaXRhJTIwdHUlMjBwcm9wdWVzdGElM0MlMkZzcGFuJTNFJTBEJTBBJTNDJTJGYSUzRSUwRCUwQSUzQ3N0eWxlJTNFJTBEJTBBJTJGJTJBJTIwRXN0aWxvcyUyMGdlbiVDMyVBOXJpY29zJTIwcGFyYSUyMGVsJTIwYm90JUMzJUIzbiUyMGZsb3RhbnRlJTIwJTJBJTJGJTBEJTBBLnJidC1idG4lMjAlN0IlMEQlMEElMjAlMjBwb3NpdGlvbiUzQSUyMGZpeGVkJTNCJTBEJTBBJTIwJTIwYm90dG9tJTNBJTIwMThyZW0lM0IlMEQlMEElMjAlMjByaWdodCUzQSUyMDJyZW0lM0IlMEQlMEElMjAlMjB6LWluZGV4JTNBJTIwOTk5OSUzQiUwRCUwQSUwRCUwQSUyMCUyMGRpc3BsYXklM0ElMjBmbGV4JTNCJTBEJTBBJTIwJTIwYWxpZ24taXRlbXMlM0ElMjBjZW50ZXIlM0IlMEQlMEElMjAlMjBqdXN0aWZ5LWNvbnRlbnQlM0ElMjBjZW50ZXIlM0IlMEQlMEElMEQlMEElMjAlMjBiYWNrZ3JvdW5kLWNvbG9yJTNBJTIwJTIzZmY1YTVmJTNCJTIwJTJGJTJBJTIwY29sb3IlMjBkZSUyMGZvbmRvJTIwJTJBJTJGJTBEJTBBJTIwJTIwY29sb3IlM0ElMjB3aGl0ZSUzQiUyMCUyMCUyMCUyMCUyMCUyMCUyMCUyMCUyMCUyMCUyMCUyMCUyMCUyMCUyRiUyQSUyMGNvbG9yJTIwZGVsJTIwdGV4dG8lMjAlMkElMkYlMEQlMEElMjAlMjB0ZXh0LWRlY29yYXRpb24lM0ElMjBub25lJTNCJTBEJTBBJTIwJTIwcGFkZGluZyUzQSUyMDAuNzVyZW0lMjAxLjI1cmVtJTNCJTBEJTBBJTIwJTIwYm9yZGVyLXJhZGl1cyUzQSUyMDUwcHglM0IlMjAlMjAlMjAlMjAlMjAlMjAlMjAlMkYlMkElMjBmb3JtYSUyMHJlZG9uZGVhZGElMjAlMkElMkYlMEQlMEElMjAlMjBib3gtc2hhZG93JTNBJTIwMCUyMDRweCUyMDEwcHglMjByZ2JhJTI4MCUyQzAlMkMwJTJDMC4yJTI5JTNCJTBEJTBBJTIwJTIwdHJhbnNpdGlvbiUzQSUyMHRyYW5zZm9ybSUyMDAuMnMlMjBlYXNlJTJDJTIwb3BhY2l0eSUyMDAuMnMlMjBlYXNlJTNCJTBEJTBBJTdEJTBEJTBBJTBEJTBBJTJGJTJBJTIwSWNvbm8lMjBkZW50cm8lMjBkZWwlMjBib3QlQzMlQjNuJTIwJTJBJTJGJTBEJTBBLnJidC1idG4lMjAucmJ0LWJ0bi1pY29uJTIwJTdCJTBEJTBBJTIwJTIwbWFyZ2luLXJpZ2h0JTNBJTIwMC41cmVtJTNCJTBEJTBBJTIwJTIwZm9udC1zaXplJTNBJTIwMS4yNXJlbSUzQiUwRCUwQSU3RCUwRCUwQSUwRCUwQSUyRiUyQSUyMEVmZWN0byUyMGhvdmVyJTIwJTJBJTJGJTBEJTBBLnJidC1idG4lM0Fob3ZlciUyMCU3QiUwRCUwQSUyMCUyMHRyYW5zZm9ybSUzQSUyMHRyYW5zbGF0ZVklMjgtM3B4JTI5JTNCJTBEJTBBJTIwJTIwb3BhY2l0eSUzQSUyMDAuOSUzQiUwRCUwQSU3RCUwRCUwQSUwRCUwQSUyRiUyQSUyMEVuJTIwcGFudGFsbGFzJTIwcGVxdWUlQzMlQjFhcyUyQyUyMGFqdXN0YXIlMjB0YW1hJUMzJUIxbyUyMHklMjBwb3NpY2klQzMlQjNuJTIwJTJBJTJGJTBEJTBBJTQwbWVkaWElMjAlMjhtYXgtd2lkdGglM0ElMjA2MDBweCUyOSUyMCU3QiUwRCUwQSUyMCUyMC5yYnQtYnRuJTIwJTdCJTBEJTBBJTIwJTIwJTIwJTIwYm90dG9tJTNBJTIwNHJlbSUzQiUwRCUwQSUyMCUyMCUyMCUyMHJpZ2h0JTNBJTIwMXJlbSUzQiUwRCUwQSUyMCUyMCUyMCUyMHBhZGRpbmclM0ElMjAwLjZyZW0lMjAxcmVtJTNCJTBEJTBBJTIwJTIwJTIwJTIwYm9yZGVyLXJhZGl1cyUzQSUyMDQwcHglM0IlMEQlMEElMjAlMjAlN0QlMEQlMEElMjAlMjAucmJ0LWJ0biUyMC5yYnQtYnRuLWljb24lMjAlN0IlMEQlMEElMjAlMjAlMjAlMjBtYXJnaW4tcmlnaHQlM0ElMjAwLjRyZW0lM0IlMEQlMEElMjAlMjAlMjAlMjBmb250LXNpemUlM0ElMjAxLjFyZW0lM0IlMEQlMEElMjAlMjAlN0QlMEQlMEElN0QlMEQlMEElMEQlMEElMkYlMkElMjBPcGNpJUMzJUIzbiUzQSUyMG9jdWx0YXIlMjBlbCUyMHRleHRvJTIweSUyMG1vc3RyYXIlMjBzb2xvJTIwZWwlMjAlQzMlQURjb25vJTIwZW4lMjBtJUMzJUIzdmlsZXMlMjAlMkElMkYlMEQlMEElNDBtZWRpYSUyMCUyOG1heC13aWR0aCUzQSUyMDQwMHB4JTI5JTIwJTdCJTBEJTBBJTIwJTIwLnJidC1idG4lMjAucmJ0LWJ0bi10ZXh0JTIwJTdCJTBEJTBBJTIwJTIwJTIwJTIwZGlzcGxheSUzQSUyMG5vbmUlM0IlMEQlMEElMjAlMjAlN0QlMEQlMEElMjAlMjAucmJ0LWJ0biUyMCU3QiUwRCUwQSUyMCUyMCUyMCUyMHBhZGRpbmclM0ElMjAwLjc1cmVtJTNCJTBEJTBBJTIwJTIwJTIwJTIwYm9yZGVyLXJhZGl1cyUzQSUyMDUwJTI1JTNCJTBEJTBBJTIwJTIwJTdEJTBEJTBBJTdEJTBEJTBBJTNDJTJGc3R5bGUlM0U=[\/vc_raw_html][\/vc_column][\/vc_row]<\/p>\n","protected":false},"author":2,"featured_media":0,"parent":0,"menu_order":0,"comment_status":"closed","ping_status":"closed","template":"full-width.php","meta":{"footnotes":""},"class_list":["post-2161","page","type-page","status-publish","hentry"],"yoast_head":"<!-- This site is optimized with the Yoast SEO plugin v26.3 - https:\/\/yoast.com\/wordpress\/plugins\/seo\/ -->\n<title>Renders y Animaciones 3D - WEDO Studio<\/title>\n<meta name=\"robots\" content=\"index, follow, max-snippet:-1, max-image-preview:large, max-video-preview:-1\" \/>\n<link rel=\"canonical\" href=\"https:\/\/wedo-studio.com\/esp\/renders-y-animaciones-3d\/\" \/>\n<meta property=\"og:locale\" content=\"es_ES\" \/>\n<meta property=\"og:type\" content=\"article\" \/>\n<meta property=\"og:title\" content=\"Renders y Animaciones 3D - WEDO Studio\" \/>\n<meta property=\"og:description\" content=\"[vc_row][vc_column][rev_slider_vc alias=\u00bbthumbnail-slider\u00bb enable_paspartu=\u00bbno\u00bb][vc_raw_html css=\u00bb\u00bb]JTBEJTBBJTNDYSUyMGhyZWYlM0QlMjJodHRwcyUzQSUyRiUyRndlZG8tc3R1ZGlvLmNvbSUyRmVzcCUyRmNvbnRhY3RvJTIyJTIwY2xhc3MlM0QlMjJyYnQtYnRuJTIyJTIwaWQlM0QlMjJyYnQtYnRuJTIyJTNFJTBEJTBBJTIwJTIwJTNDc3BhbiUyMGNsYXNzJTNEJTIycmJ0LWJ0bi1pY29uJTIyJTNFJUUyJTlDJTg5JUVGJUI4JThGJTNDJTJGc3BhbiUzRSUwRCUwQSUyMCUyMCUzQ3NwYW4lMjBjbGFzcyUzRCUyMnJidC1idG4tdGV4dCUyMiUzRVNvbGljaXRhJTIwdHUlMjBwcm9wdWVzdGElM0MlMkZzcGFuJTNFJTBEJTBBJTNDJTJGYSUzRSUwRCUwQSUzQ3N0eWxlJTNFJTBEJTBBJTJGJTJBJTIwRXN0aWxvcyUyMGdlbiVDMyVBOXJpY29zJTIwcGFyYSUyMGVsJTIwYm90JUMzJUIzbiUyMGZsb3RhbnRlJTIwJTJBJTJGJTBEJTBBLnJidC1idG4lMjAlN0IlMEQlMEElMjAlMjBwb3NpdGlvbiUzQSUyMGZpeGVkJTNCJTBEJTBBJTIwJTIwYm90dG9tJTNBJTIwMThyZW0lM0IlMEQlMEElMjAlMjByaWdodCUzQSUyMDJyZW0lM0IlMEQlMEElMjAlMjB6LWluZGV4JTNBJTIwOTk5OSUzQiUwRCUwQSUwRCUwQSUyMCUyMGRpc3BsYXklM0ElMjBmbGV4JTNCJTBEJTBBJTIwJTIwYWxpZ24taXRlbXMlM0ElMjBjZW50ZXIlM0IlMEQlMEElMjAlMjBqdXN0aWZ5LWNvbnRlbnQlM0ElMjBjZW50ZXIlM0IlMEQlMEElMEQlMEElMjAlMjBiYWNrZ3JvdW5kLWNvbG9yJTNBJTIwJTIzZmY1YTVmJTNCJTIwJTJGJTJBJTIwY29sb3IlMjBkZSUyMGZvbmRvJTIwJTJBJTJGJTBEJTBBJTIwJTIwY29sb3IlM0ElMjB3aGl0ZSUzQiUyMCUyMCUyMCUyMCUyMCUyMCUyMCUyMCUyMCUyMCUyMCUyMCUyMCUyMCUyRiUyQSUyMGNvbG9yJTIwZGVsJTIwdGV4dG8lMjAlMkElMkYlMEQlMEElMjAlMjB0ZXh0LWRlY29yYXRpb24lM0ElMjBub25lJTNCJTBEJTBBJTIwJTIwcGFkZGluZyUzQSUyMDAuNzVyZW0lMjAxLjI1cmVtJTNCJTBEJTBBJTIwJTIwYm9yZGVyLXJhZGl1cyUzQSUyMDUwcHglM0IlMjAlMjAlMjAlMjAlMjAlMjAlMjAlMkYlMkElMjBmb3JtYSUyMHJlZG9uZGVhZGElMjAlMkElMkYlMEQlMEElMjAlMjBib3gtc2hhZG93JTNBJTIwMCUyMDRweCUyMDEwcHglMjByZ2JhJTI4MCUyQzAlMkMwJTJDMC4yJTI5JTNCJTBEJTBBJTIwJTIwdHJhbnNpdGlvbiUzQSUyMHRyYW5zZm9ybSUyMDAuMnMlMjBlYXNlJTJDJTIwb3BhY2l0eSUyMDAuMnMlMjBlYXNlJTNCJTBEJTBBJTdEJTBEJTBBJTBEJTBBJTJGJTJBJTIwSWNvbm8lMjBkZW50cm8lMjBkZWwlMjBib3QlQzMlQjNuJTIwJTJBJTJGJTBEJTBBLnJidC1idG4lMjAucmJ0LWJ0bi1pY29uJTIwJTdCJTBEJTBBJTIwJTIwbWFyZ2luLXJpZ2h0JTNBJTIwMC41cmVtJTNCJTBEJTBBJTIwJTIwZm9udC1zaXplJTNBJTIwMS4yNXJlbSUzQiUwRCUwQSU3RCUwRCUwQSUwRCUwQSUyRiUyQSUyMEVmZWN0byUyMGhvdmVyJTIwJTJBJTJGJTBEJTBBLnJidC1idG4lM0Fob3ZlciUyMCU3QiUwRCUwQSUyMCUyMHRyYW5zZm9ybSUzQSUyMHRyYW5zbGF0ZVklMjgtM3B4JTI5JTNCJTBEJTBBJTIwJTIwb3BhY2l0eSUzQSUyMDAuOSUzQiUwRCUwQSU3RCUwRCUwQSUwRCUwQSUyRiUyQSUyMEVuJTIwcGFudGFsbGFzJTIwcGVxdWUlQzMlQjFhcyUyQyUyMGFqdXN0YXIlMjB0YW1hJUMzJUIxbyUyMHklMjBwb3NpY2klQzMlQjNuJTIwJTJBJTJGJTBEJTBBJTQwbWVkaWElMjAlMjhtYXgtd2lkdGglM0ElMjA2MDBweCUyOSUyMCU3QiUwRCUwQSUyMCUyMC5yYnQtYnRuJTIwJTdCJTBEJTBBJTIwJTIwJTIwJTIwYm90dG9tJTNBJTIwNHJlbSUzQiUwRCUwQSUyMCUyMCUyMCUyMHJpZ2h0JTNBJTIwMXJlbSUzQiUwRCUwQSUyMCUyMCUyMCUyMHBhZGRpbmclM0ElMjAwLjZyZW0lMjAxcmVtJTNCJTBEJTBBJTIwJTIwJTIwJTIwYm9yZGVyLXJhZGl1cyUzQSUyMDQwcHglM0IlMEQlMEElMjAlMjAlN0QlMEQlMEElMjAlMjAucmJ0LWJ0biUyMC5yYnQtYnRuLWljb24lMjAlN0IlMEQlMEElMjAlMjAlMjAlMjBtYXJnaW4tcmlnaHQlM0ElMjAwLjRyZW0lM0IlMEQlMEElMjAlMjAlMjAlMjBmb250LXNpemUlM0ElMjAxLjFyZW0lM0IlMEQlMEElMjAlMjAlN0QlMEQlMEElN0QlMEQlMEElMEQlMEElMkYlMkElMjBPcGNpJUMzJUIzbiUzQSUyMG9jdWx0YXIlMjBlbCUyMHRleHRvJTIweSUyMG1vc3RyYXIlMjBzb2xvJTIwZWwlMjAlQzMlQURjb25vJTIwZW4lMjBtJUMzJUIzdmlsZXMlMjAlMkElMkYlMEQlMEElNDBtZWRpYSUyMCUyOG1heC13aWR0aCUzQSUyMDQwMHB4JTI5JTIwJTdCJTBEJTBBJTIwJTIwLnJidC1idG4lMjAucmJ0LWJ0bi10ZXh0JTIwJTdCJTBEJTBBJTIwJTIwJTIwJTIwZGlzcGxheSUzQSUyMG5vbmUlM0IlMEQlMEElMjAlMjAlN0QlMEQlMEElMjAlMjAucmJ0LWJ0biUyMCU3QiUwRCUwQSUyMCUyMCUyMCUyMHBhZGRpbmclM0ElMjAwLjc1cmVtJTNCJTBEJTBBJTIwJTIwJTIwJTIwYm9yZGVyLXJhZGl1cyUzQSUyMDUwJTI1JTNCJTBEJTBBJTIwJTIwJTdEJTBEJTBBJTdEJTBEJTBBJTNDJTJGc3R5bGUlM0U=[\/vc_raw_html][\/vc_column][\/vc_row]\" \/>\n<meta property=\"og:url\" content=\"https:\/\/wedo-studio.com\/esp\/renders-y-animaciones-3d\/\" \/>\n<meta property=\"og:site_name\" content=\"WEDO Studio\" \/>\n<meta property=\"article:modified_time\" content=\"2025-11-26T18:09:53+00:00\" \/>\n<meta name=\"twitter:card\" content=\"summary_large_image\" \/>\n<meta name=\"twitter:label1\" content=\"Tiempo de lectura\" \/>\n\t<meta name=\"twitter:data1\" content=\"1 minuto\" \/>\n<script type=\"application\/ld+json\" class=\"yoast-schema-graph\">{\"@context\":\"https:\/\/schema.org\",\"@graph\":[{\"@type\":\"WebPage\",\"@id\":\"https:\/\/wedo-studio.com\/esp\/renders-y-animaciones-3d\/\",\"url\":\"https:\/\/wedo-studio.com\/esp\/renders-y-animaciones-3d\/\",\"name\":\"Renders y Animaciones 3D - WEDO Studio\",\"isPartOf\":{\"@id\":\"https:\/\/wedo-studio.com\/esp\/#website\"},\"datePublished\":\"2019-03-18T13:00:20+00:00\",\"dateModified\":\"2025-11-26T18:09:53+00:00\",\"breadcrumb\":{\"@id\":\"https:\/\/wedo-studio.com\/esp\/renders-y-animaciones-3d\/#breadcrumb\"},\"inLanguage\":\"es\",\"potentialAction\":[{\"@type\":\"ReadAction\",\"target\":[\"https:\/\/wedo-studio.com\/esp\/renders-y-animaciones-3d\/\"]}]},{\"@type\":\"BreadcrumbList\",\"@id\":\"https:\/\/wedo-studio.com\/esp\/renders-y-animaciones-3d\/#breadcrumb\",\"itemListElement\":[{\"@type\":\"ListItem\",\"position\":1,\"name\":\"Portada\",\"item\":\"https:\/\/wedo-studio.com\/esp\/\"},{\"@type\":\"ListItem\",\"position\":2,\"name\":\"Renders y Animaciones 3D\"}]},{\"@type\":\"WebSite\",\"@id\":\"https:\/\/wedo-studio.com\/esp\/#website\",\"url\":\"https:\/\/wedo-studio.com\/esp\/\",\"name\":\"WEDO Studio\",\"description\":\"Dise\u00f1o Arquitect\u00f3nico Comercial | Gesti\u00f3n y Producci\u00f3n BIM | Renders &amp; Animaciones 3D\",\"potentialAction\":[{\"@type\":\"SearchAction\",\"target\":{\"@type\":\"EntryPoint\",\"urlTemplate\":\"https:\/\/wedo-studio.com\/esp\/?s={search_term_string}\"},\"query-input\":{\"@type\":\"PropertyValueSpecification\",\"valueRequired\":true,\"valueName\":\"search_term_string\"}}],\"inLanguage\":\"es\"}]}<\/script>\n<!-- \/ Yoast SEO plugin. -->","yoast_head_json":{"title":"Renders y Animaciones 3D - WEDO Studio","robots":{"index":"index","follow":"follow","max-snippet":"max-snippet:-1","max-image-preview":"max-image-preview:large","max-video-preview":"max-video-preview:-1"},"canonical":"https:\/\/wedo-studio.com\/esp\/renders-y-animaciones-3d\/","og_locale":"es_ES","og_type":"article","og_title":"Renders y Animaciones 3D - WEDO Studio","og_description":"[vc_row][vc_column][rev_slider_vc alias=\u00bbthumbnail-slider\u00bb enable_paspartu=\u00bbno\u00bb][vc_raw_html css=\u00bb\u00bb]JTBEJTBBJTNDYSUyMGhyZWYlM0QlMjJodHRwcyUzQSUyRiUyRndlZG8tc3R1ZGlvLmNvbSUyRmVzcCUyRmNvbnRhY3RvJTIyJTIwY2xhc3MlM0QlMjJyYnQtYnRuJTIyJTIwaWQlM0QlMjJyYnQtYnRuJTIyJTNFJTBEJTBBJTIwJTIwJTNDc3BhbiUyMGNsYXNzJTNEJTIycmJ0LWJ0bi1pY29uJTIyJTNFJUUyJTlDJTg5JUVGJUI4JThGJTNDJTJGc3BhbiUzRSUwRCUwQSUyMCUyMCUzQ3NwYW4lMjBjbGFzcyUzRCUyMnJidC1idG4tdGV4dCUyMiUzRVNvbGljaXRhJTIwdHUlMjBwcm9wdWVzdGElM0MlMkZzcGFuJTNFJTBEJTBBJTNDJTJGYSUzRSUwRCUwQSUzQ3N0eWxlJTNFJTBEJTBBJTJGJTJBJTIwRXN0aWxvcyUyMGdlbiVDMyVBOXJpY29zJTIwcGFyYSUyMGVsJTIwYm90JUMzJUIzbiUyMGZsb3RhbnRlJTIwJTJBJTJGJTBEJTBBLnJidC1idG4lMjAlN0IlMEQlMEElMjAlMjBwb3NpdGlvbiUzQSUyMGZpeGVkJTNCJTBEJTBBJTIwJTIwYm90dG9tJTNBJTIwMThyZW0lM0IlMEQlMEElMjAlMjByaWdodCUzQSUyMDJyZW0lM0IlMEQlMEElMjAlMjB6LWluZGV4JTNBJTIwOTk5OSUzQiUwRCUwQSUwRCUwQSUyMCUyMGRpc3BsYXklM0ElMjBmbGV4JTNCJTBEJTBBJTIwJTIwYWxpZ24taXRlbXMlM0ElMjBjZW50ZXIlM0IlMEQlMEElMjAlMjBqdXN0aWZ5LWNvbnRlbnQlM0ElMjBjZW50ZXIlM0IlMEQlMEElMEQlMEElMjAlMjBiYWNrZ3JvdW5kLWNvbG9yJTNBJTIwJTIzZmY1YTVmJTNCJTIwJTJGJTJBJTIwY29sb3IlMjBkZSUyMGZvbmRvJTIwJTJBJTJGJTBEJTBBJTIwJTIwY29sb3IlM0ElMjB3aGl0ZSUzQiUyMCUyMCUyMCUyMCUyMCUyMCUyMCUyMCUyMCUyMCUyMCUyMCUyMCUyMCUyRiUyQSUyMGNvbG9yJTIwZGVsJTIwdGV4dG8lMjAlMkElMkYlMEQlMEElMjAlMjB0ZXh0LWRlY29yYXRpb24lM0ElMjBub25lJTNCJTBEJTBBJTIwJTIwcGFkZGluZyUzQSUyMDAuNzVyZW0lMjAxLjI1cmVtJTNCJTBEJTBBJTIwJTIwYm9yZGVyLXJhZGl1cyUzQSUyMDUwcHglM0IlMjAlMjAlMjAlMjAlMjAlMjAlMjAlMkYlMkElMjBmb3JtYSUyMHJlZG9uZGVhZGElMjAlMkElMkYlMEQlMEElMjAlMjBib3gtc2hhZG93JTNBJTIwMCUyMDRweCUyMDEwcHglMjByZ2JhJTI4MCUyQzAlMkMwJTJDMC4yJTI5JTNCJTBEJTBBJTIwJTIwdHJhbnNpdGlvbiUzQSUyMHRyYW5zZm9ybSUyMDAuMnMlMjBlYXNlJTJDJTIwb3BhY2l0eSUyMDAuMnMlMjBlYXNlJTNCJTBEJTBBJTdEJTBEJTBBJTBEJTBBJTJGJTJBJTIwSWNvbm8lMjBkZW50cm8lMjBkZWwlMjBib3QlQzMlQjNuJTIwJTJBJTJGJTBEJTBBLnJidC1idG4lMjAucmJ0LWJ0bi1pY29uJTIwJTdCJTBEJTBBJTIwJTIwbWFyZ2luLXJpZ2h0JTNBJTIwMC41cmVtJTNCJTBEJTBBJTIwJTIwZm9udC1zaXplJTNBJTIwMS4yNXJlbSUzQiUwRCUwQSU3RCUwRCUwQSUwRCUwQSUyRiUyQSUyMEVmZWN0byUyMGhvdmVyJTIwJTJBJTJGJTBEJTBBLnJidC1idG4lM0Fob3ZlciUyMCU3QiUwRCUwQSUyMCUyMHRyYW5zZm9ybSUzQSUyMHRyYW5zbGF0ZVklMjgtM3B4JTI5JTNCJTBEJTBBJTIwJTIwb3BhY2l0eSUzQSUyMDAuOSUzQiUwRCUwQSU3RCUwRCUwQSUwRCUwQSUyRiUyQSUyMEVuJTIwcGFudGFsbGFzJTIwcGVxdWUlQzMlQjFhcyUyQyUyMGFqdXN0YXIlMjB0YW1hJUMzJUIxbyUyMHklMjBwb3NpY2klQzMlQjNuJTIwJTJBJTJGJTBEJTBBJTQwbWVkaWElMjAlMjhtYXgtd2lkdGglM0ElMjA2MDBweCUyOSUyMCU3QiUwRCUwQSUyMCUyMC5yYnQtYnRuJTIwJTdCJTBEJTBBJTIwJTIwJTIwJTIwYm90dG9tJTNBJTIwNHJlbSUzQiUwRCUwQSUyMCUyMCUyMCUyMHJpZ2h0JTNBJTIwMXJlbSUzQiUwRCUwQSUyMCUyMCUyMCUyMHBhZGRpbmclM0ElMjAwLjZyZW0lMjAxcmVtJTNCJTBEJTBBJTIwJTIwJTIwJTIwYm9yZGVyLXJhZGl1cyUzQSUyMDQwcHglM0IlMEQlMEElMjAlMjAlN0QlMEQlMEElMjAlMjAucmJ0LWJ0biUyMC5yYnQtYnRuLWljb24lMjAlN0IlMEQlMEElMjAlMjAlMjAlMjBtYXJnaW4tcmlnaHQlM0ElMjAwLjRyZW0lM0IlMEQlMEElMjAlMjAlMjAlMjBmb250LXNpemUlM0ElMjAxLjFyZW0lM0IlMEQlMEElMjAlMjAlN0QlMEQlMEElN0QlMEQlMEElMEQlMEElMkYlMkElMjBPcGNpJUMzJUIzbiUzQSUyMG9jdWx0YXIlMjBlbCUyMHRleHRvJTIweSUyMG1vc3RyYXIlMjBzb2xvJTIwZWwlMjAlQzMlQURjb25vJTIwZW4lMjBtJUMzJUIzdmlsZXMlMjAlMkElMkYlMEQlMEElNDBtZWRpYSUyMCUyOG1heC13aWR0aCUzQSUyMDQwMHB4JTI5JTIwJTdCJTBEJTBBJTIwJTIwLnJidC1idG4lMjAucmJ0LWJ0bi10ZXh0JTIwJTdCJTBEJTBBJTIwJTIwJTIwJTIwZGlzcGxheSUzQSUyMG5vbmUlM0IlMEQlMEElMjAlMjAlN0QlMEQlMEElMjAlMjAucmJ0LWJ0biUyMCU3QiUwRCUwQSUyMCUyMCUyMCUyMHBhZGRpbmclM0ElMjAwLjc1cmVtJTNCJTBEJTBBJTIwJTIwJTIwJTIwYm9yZGVyLXJhZGl1cyUzQSUyMDUwJTI1JTNCJTBEJTBBJTIwJTIwJTdEJTBEJTBBJTdEJTBEJTBBJTNDJTJGc3R5bGUlM0U=[\/vc_raw_html][\/vc_column][\/vc_row]","og_url":"https:\/\/wedo-studio.com\/esp\/renders-y-animaciones-3d\/","og_site_name":"WEDO Studio","article_modified_time":"2025-11-26T18:09:53+00:00","twitter_card":"summary_large_image","twitter_misc":{"Tiempo de lectura":"1 minuto"},"schema":{"@context":"https:\/\/schema.org","@graph":[{"@type":"WebPage","@id":"https:\/\/wedo-studio.com\/esp\/renders-y-animaciones-3d\/","url":"https:\/\/wedo-studio.com\/esp\/renders-y-animaciones-3d\/","name":"Renders y Animaciones 3D - WEDO Studio","isPartOf":{"@id":"https:\/\/wedo-studio.com\/esp\/#website"},"datePublished":"2019-03-18T13:00:20+00:00","dateModified":"2025-11-26T18:09:53+00:00","breadcrumb":{"@id":"https:\/\/wedo-studio.com\/esp\/renders-y-animaciones-3d\/#breadcrumb"},"inLanguage":"es","potentialAction":[{"@type":"ReadAction","target":["https:\/\/wedo-studio.com\/esp\/renders-y-animaciones-3d\/"]}]},{"@type":"BreadcrumbList","@id":"https:\/\/wedo-studio.com\/esp\/renders-y-animaciones-3d\/#breadcrumb","itemListElement":[{"@type":"ListItem","position":1,"name":"Portada","item":"https:\/\/wedo-studio.com\/esp\/"},{"@type":"ListItem","position":2,"name":"Renders y Animaciones 3D"}]},{"@type":"WebSite","@id":"https:\/\/wedo-studio.com\/esp\/#website","url":"https:\/\/wedo-studio.com\/esp\/","name":"WEDO Studio","description":"Dise\u00f1o Arquitect\u00f3nico Comercial | Gesti\u00f3n y Producci\u00f3n BIM | Renders &amp; Animaciones 3D","potentialAction":[{"@type":"SearchAction","target":{"@type":"EntryPoint","urlTemplate":"https:\/\/wedo-studio.com\/esp\/?s={search_term_string}"},"query-input":{"@type":"PropertyValueSpecification","valueRequired":true,"valueName":"search_term_string"}}],"inLanguage":"es"}]}},"_links":{"self":[{"href":"https:\/\/wedo-studio.com\/esp\/wp-json\/wp\/v2\/pages\/2161","targetHints":{"allow":["GET"]}}],"collection":[{"href":"https:\/\/wedo-studio.com\/esp\/wp-json\/wp\/v2\/pages"}],"about":[{"href":"https:\/\/wedo-studio.com\/esp\/wp-json\/wp\/v2\/types\/page"}],"author":[{"embeddable":true,"href":"https:\/\/wedo-studio.com\/esp\/wp-json\/wp\/v2\/users\/2"}],"replies":[{"embeddable":true,"href":"https:\/\/wedo-studio.com\/esp\/wp-json\/wp\/v2\/comments?post=2161"}],"version-history":[{"count":7,"href":"https:\/\/wedo-studio.com\/esp\/wp-json\/wp\/v2\/pages\/2161\/revisions"}],"predecessor-version":[{"id":4920,"href":"https:\/\/wedo-studio.com\/esp\/wp-json\/wp\/v2\/pages\/2161\/revisions\/4920"}],"wp:attachment":[{"href":"https:\/\/wedo-studio.com\/esp\/wp-json\/wp\/v2\/media?parent=2161"}],"curies":[{"name":"wp","href":"https:\/\/api.w.org\/{rel}","templated":true}]}}